{"id":4282,"date":"2024-11-18T02:16:04","date_gmt":"2024-11-18T02:16:04","guid":{"rendered":"https:\/\/demo2wpopal.b-cdn.net\/amoja\/?page_id=4282"},"modified":"2025-07-23T13:56:26","modified_gmt":"2025-07-23T13:56:26","slug":"ueber-uns","status":"publish","type":"page","link":"https:\/\/ferienwohnungen-anzinger.at\/en\/ueber-uns\/","title":{"rendered":"About us"},"content":{"rendered":"<div data-elementor-type=\"wp-page\" data-elementor-id=\"4282\" class=\"elementor elementor-4282\">\n\t\t\t\t<div class=\"elementor-element elementor-element-32431c9 e-flex e-con-boxed e-con e-parent\" data-id=\"32431c9\" data-element_type=\"container\" data-e-type=\"container\">\n\t\t\t\t\t<div class=\"e-con-inner\">\n\t\t<div class=\"elementor-element elementor-element-aaef32f e-con-full e-flex e-con e-child\" data-id=\"aaef32f\" data-element_type=\"container\" data-e-type=\"container\">\n\t\t\t\t<div class=\"elementor-element elementor-element-85c8da3 elementor-widget elementor-widget-text-editor\" data-id=\"85c8da3\" data-element_type=\"widget\" data-e-type=\"widget\" data-widget_type=\"text-editor.default\">\n\t\t\t\t<div class=\"elementor-widget-container\">\n\t\t\t\t\t\t\t\t\t<p>wir<\/p>\t\t\t\t\t\t\t\t<\/div>\n\t\t\t\t<\/div>\n\t\t\t\t<div class=\"elementor-element elementor-element-64f2549 elementor-widget elementor-widget-heading\" data-id=\"64f2549\" data-element_type=\"widget\" data-e-type=\"widget\" data-widget_type=\"heading.default\">\n\t\t\t\t<div class=\"elementor-widget-container\">\n\t\t\t\t\t<h2 class=\"elementor-heading-title elementor-size-default\">Dear Guests,<\/h2>\t\t\t\t<\/div>\n\t\t\t\t<\/div>\n\t\t\t\t<div class=\"elementor-element elementor-element-7b11ed3 elementor-widget elementor-widget-text-editor\" data-id=\"7b11ed3\" data-element_type=\"widget\" data-e-type=\"widget\" data-widget_type=\"text-editor.default\">\n\t\t\t\t<div class=\"elementor-widget-container\">\n\t\t\t\t\t\t\t\t\t<p>We are Petra and Norbert, and since 2024 we have been running our two lovingly furnished holiday apartments on our family farm in the beautiful Innviertel region. Being hosts is our passion \u2014 we truly enjoy meeting guests from all over the world and making their stay in Austria unforgettable. Our apartments are located in a quiet area in the idyllic little village of Lengau, right on the border with the province of Salzburg. <br \/>The house was newly built in 2022 and includes our two apartments, which we named after our sons. <br \/>Apartment Raphael\u00a0on the ground floor and\u00a0Apartment Tristan\u00a0on the upper floor.<\/p>\t\t\t\t\t\t\t\t<\/div>\n\t\t\t\t<\/div>\n\t\t<div class=\"elementor-element elementor-element-08baa02 e-con-full e-flex e-con e-child\" data-id=\"08baa02\" data-element_type=\"container\" data-e-type=\"container\">\n\t\t\t\t<div class=\"elementor-element elementor-element-067356e elementor-widget__width-initial elementor-widget elementor-widget-counter\" data-id=\"067356e\" data-element_type=\"widget\" data-e-type=\"widget\" data-widget_type=\"counter.default\">\n\t\t\t\t<div class=\"elementor-widget-container\">\n\t\t\t\t\t\t\t<div class=\"elementor-counter\">\n\t\t\t<div class=\"elementor-counter-title\">Bookings<\/div>\t\t\t<div class=\"elementor-counter-number-wrapper\">\n\t\t\t\t<span class=\"elementor-counter-number-prefix\"><\/span>\n\t\t\t\t<span class=\"elementor-counter-number\" data-duration=\"2000\" data-to-value=\"524\" data-from-value=\"0\">0<\/span>\n\t\t\t\t<span class=\"elementor-counter-number-suffix\"><\/span>\n\t\t\t<\/div>\n\t\t<\/div>\n\t\t\t\t\t\t<\/div>\n\t\t\t\t<\/div>\n\t\t\t\t<div class=\"elementor-element elementor-element-9ec4072 elementor-widget__width-initial elementor-widget elementor-widget-counter\" data-id=\"9ec4072\" data-element_type=\"widget\" data-e-type=\"widget\" data-widget_type=\"counter.default\">\n\t\t\t\t<div class=\"elementor-widget-container\">\n\t\t\t\t\t\t\t<div class=\"elementor-counter\">\n\t\t\t<div class=\"elementor-counter-title\">Happy Guests<\/div>\t\t\t<div class=\"elementor-counter-number-wrapper\">\n\t\t\t\t<span class=\"elementor-counter-number-prefix\"><\/span>\n\t\t\t\t<span class=\"elementor-counter-number\" data-duration=\"2000\" data-to-value=\"125\" data-from-value=\"0\">0<\/span>\n\t\t\t\t<span class=\"elementor-counter-number-suffix\">K<\/span>\n\t\t\t<\/div>\n\t\t<\/div>\n\t\t\t\t\t\t<\/div>\n\t\t\t\t<\/div>\n\t\t\t\t<\/div>\n\t\t\t\t<\/div>\n\t\t<div class=\"elementor-element elementor-element-90ac641 e-con-full e-flex e-con e-child\" data-id=\"90ac641\" data-element_type=\"container\" data-e-type=\"container\">\n\t\t\t\t<div class=\"elementor-element elementor-element-ca1c6f8 overflow-to-right elementor-pagination-position-outside elementor-widget elementor-widget-amoja-imgbox-carousel\" data-id=\"ca1c6f8\" data-element_type=\"widget\" data-e-type=\"widget\" data-settings=\"{&quot;slides_to_show&quot;:&quot;1&quot;,&quot;swiper_overflow&quot;:&quot;right&quot;,&quot;slides_to_show_tablet&quot;:&quot;1&quot;,&quot;infinite&quot;:&quot;no&quot;,&quot;slides_to_show_tablet_extra&quot;:&quot;1&quot;,&quot;spaceBetween_tablet_extra&quot;:{&quot;unit&quot;:&quot;px&quot;,&quot;size&quot;:30,&quot;sizes&quot;:[]},&quot;spaceBetween_mobile_extra&quot;:{&quot;unit&quot;:&quot;px&quot;,&quot;size&quot;:30,&quot;sizes&quot;:[]},&quot;navigation&quot;:&quot;dots&quot;,&quot;spaceBetween&quot;:{&quot;unit&quot;:&quot;px&quot;,&quot;size&quot;:30,&quot;sizes&quot;:[]},&quot;spaceBetween_laptop&quot;:{&quot;unit&quot;:&quot;px&quot;,&quot;size&quot;:&quot;&quot;,&quot;sizes&quot;:[]},&quot;spaceBetween_tablet&quot;:{&quot;unit&quot;:&quot;px&quot;,&quot;size&quot;:&quot;&quot;,&quot;sizes&quot;:[]},&quot;spaceBetween_mobile&quot;:{&quot;unit&quot;:&quot;px&quot;,&quot;size&quot;:&quot;&quot;,&quot;sizes&quot;:[]},&quot;enable_scrollbar&quot;:&quot;no&quot;,&quot;autoplay&quot;:&quot;yes&quot;,&quot;pause_on_hover&quot;:&quot;yes&quot;,&quot;pause_on_interaction&quot;:&quot;yes&quot;,&quot;autoplay_speed&quot;:5000,&quot;effect&quot;:&quot;slide&quot;,&quot;speed&quot;:500}\" data-widget_type=\"amoja-imgbox-carousel.default\">\n\t\t\t\t<div class=\"elementor-widget-container\">\n\t\t\t\t\t\n            <div class=\"elementor-imgbox-item-wrapper amoja-swiper swiper\" dir=\"ltr\">\n                <div class=\"alignment-left layout-1 swiper-wrapper\">\n                                            <div class=\"grid-item swiper-slide elementor-imgbox-item\">\n                            <div class=\"elementor-imgbox-wrapper elementor-repeater-item-012774a\">\n                                <div class=\"elementer-imgbox-inner\">\n                                                                                        <div class=\"box-image\">\n                <a href=\"#\">\n                    <img fetchpriority=\"high\" decoding=\"async\" width=\"1703\" height=\"2560\" src=\"https:\/\/ferienwohnungen-anzinger.at\/wp-content\/uploads\/2025\/07\/Z636706-Verbessert-RR-scaled.jpg\" class=\"attachment-full size-full wp-image-6599\" alt=\"\" srcset=\"https:\/\/ferienwohnungen-anzinger.at\/wp-content\/uploads\/2025\/07\/Z636706-Verbessert-RR-scaled.jpg 1703w, https:\/\/ferienwohnungen-anzinger.at\/wp-content\/uploads\/2025\/07\/Z636706-Verbessert-RR-200x300.jpg 200w, https:\/\/ferienwohnungen-anzinger.at\/wp-content\/uploads\/2025\/07\/Z636706-Verbessert-RR-681x1024.jpg 681w, https:\/\/ferienwohnungen-anzinger.at\/wp-content\/uploads\/2025\/07\/Z636706-Verbessert-RR-768x1154.jpg 768w, https:\/\/ferienwohnungen-anzinger.at\/wp-content\/uploads\/2025\/07\/Z636706-Verbessert-RR-1022x1536.jpg 1022w, https:\/\/ferienwohnungen-anzinger.at\/wp-content\/uploads\/2025\/07\/Z636706-Verbessert-RR-1363x2048.jpg 1363w\" sizes=\"(max-width: 1703px) 100vw, 1703px\" \/>                <\/a>\n            <\/div>\n                                                                                <div class=\"elementor-icon-box-content elementor-button-type-outline elementor-widget-amoja-button\">\n                                                                                                                        \n                                        <div class=\"imgbox-meta\">\n                                                                                                                                <\/div>\n                                    <\/div>\n                                <\/div>\n                            <\/div>\n                        <\/div>\n                                    <\/div>\n            <\/div>\n                        <div class=\"swiper-pagination\"><\/div>\n                            \t\t\t\t<\/div>\n\t\t\t\t<\/div>\n\t\t\t\t<\/div>\n\t\t\t\t\t<\/div>\n\t\t\t\t<\/div>\n\t\t<div class=\"elementor-element elementor-element-6665507 e-flex e-con-boxed e-con e-parent\" data-id=\"6665507\" data-element_type=\"container\" data-e-type=\"container\" data-settings=\"{&quot;background_background&quot;:&quot;classic&quot;}\">\n\t\t\t\t\t<div class=\"e-con-inner\">\n\t\t<div class=\"elementor-element elementor-element-13395fc e-con-full e-flex e-con e-child\" data-id=\"13395fc\" data-element_type=\"container\" data-e-type=\"container\" data-settings=\"{&quot;background_background&quot;:&quot;classic&quot;}\">\n\t\t\t\t<\/div>\n\t\t<div class=\"elementor-element elementor-element-c2f2282 e-con-full e-grid e-con e-child\" data-id=\"c2f2282\" data-element_type=\"container\" data-e-type=\"container\">\n\t\t\t\t<div class=\"elementor-element elementor-element-37ab882 elementor-view-default elementor-position-block-start elementor-mobile-position-block-start elementor-widget elementor-widget-icon-box\" data-id=\"37ab882\" data-element_type=\"widget\" data-e-type=\"widget\" data-widget_type=\"icon-box.default\">\n\t\t\t\t<div class=\"elementor-widget-container\">\n\t\t\t\t\t\t\t<div class=\"elementor-icon-box-wrapper\">\n\n\t\t\t\t\t\t<div class=\"elementor-icon-box-icon\">\n\t\t\t\t<span  class=\"elementor-icon elementor-animation-grow\">\n\t\t\t\t<i aria-hidden=\"true\" class=\"amoja-icon- amoja-icon-heart\"><\/i>\t\t\t\t<\/span>\n\t\t\t<\/div>\n\t\t\t\n\t\t\t\t\t\t<div class=\"elementor-icon-box-content\">\n\n\t\t\t\t\t\t\t\t\t<h6 class=\"elementor-icon-box-title\">\n\t\t\t\t\t\t<span  >\n\t\t\t\t\t\t\tAttention to Detail\t\t\t\t\t\t<\/span>\n\t\t\t\t\t<\/h6>\n\t\t\t\t\n\t\t\t\t\t\t\t\t\t<p class=\"elementor-icon-box-description\">\n\t\t\t\t\t\tIn our lovingly furnished holiday apartments, we want to offer you a true feel-good area.\t\t\t\t\t<\/p>\n\t\t\t\t\n\t\t\t<\/div>\n\t\t\t\n\t\t<\/div>\n\t\t\t\t\t\t<\/div>\n\t\t\t\t<\/div>\n\t\t\t\t<div class=\"elementor-element elementor-element-0267cfe elementor-view-default elementor-position-block-start elementor-mobile-position-block-start elementor-widget elementor-widget-icon-box\" data-id=\"0267cfe\" data-element_type=\"widget\" data-e-type=\"widget\" data-widget_type=\"icon-box.default\">\n\t\t\t\t<div class=\"elementor-widget-container\">\n\t\t\t\t\t\t\t<div class=\"elementor-icon-box-wrapper\">\n\n\t\t\t\t\t\t<div class=\"elementor-icon-box-icon\">\n\t\t\t\t<span  class=\"elementor-icon elementor-animation-grow\">\n\t\t\t\t<i aria-hidden=\"true\" class=\"amoja-icon- amoja-icon-bed\"><\/i>\t\t\t\t<\/span>\n\t\t\t<\/div>\n\t\t\t\n\t\t\t\t\t\t<div class=\"elementor-icon-box-content\">\n\n\t\t\t\t\t\t\t\t\t<h6 class=\"elementor-icon-box-title\">\n\t\t\t\t\t\t<span  >\n\t\t\t\t\t\t\tFully Equipped Apartments\t\t\t\t\t\t<\/span>\n\t\t\t\t\t<\/h6>\n\t\t\t\t\n\t\t\t\t\t\t\t\t\t<p class=\"elementor-icon-box-description\">\n\t\t\t\t\t\tWith everything your heart desires \u2014 perfect for taking a break from the stress of everyday life.\t\t\t\t\t<\/p>\n\t\t\t\t\n\t\t\t<\/div>\n\t\t\t\n\t\t<\/div>\n\t\t\t\t\t\t<\/div>\n\t\t\t\t<\/div>\n\t\t\t\t<div class=\"elementor-element elementor-element-d776c7c elementor-view-default elementor-position-block-start elementor-mobile-position-block-start elementor-widget elementor-widget-icon-box\" data-id=\"d776c7c\" data-element_type=\"widget\" data-e-type=\"widget\" data-widget_type=\"icon-box.default\">\n\t\t\t\t<div class=\"elementor-widget-container\">\n\t\t\t\t\t\t\t<div class=\"elementor-icon-box-wrapper\">\n\n\t\t\t\t\t\t<div class=\"elementor-icon-box-icon\">\n\t\t\t\t<span  class=\"elementor-icon elementor-animation-grow\">\n\t\t\t\t<i aria-hidden=\"true\" class=\"amoja-icon- amoja-icon-comments\"><\/i>\t\t\t\t<\/span>\n\t\t\t<\/div>\n\t\t\t\n\t\t\t\t\t\t<div class=\"elementor-icon-box-content\">\n\n\t\t\t\t\t\t\t\t\t<h6 class=\"elementor-icon-box-title\">\n\t\t\t\t\t\t<span  >\n\t\t\t\t\t\t\tPersonal Touch\t\t\t\t\t\t<\/span>\n\t\t\t\t\t<\/h6>\n\t\t\t\t\n\t\t\t\t\t\t\t\t\t<p class=\"elementor-icon-box-description\">\n\t\t\t\t\t\tIf you have any questions or need assistance, we\u2019re always here for you!\t\t\t\t\t<\/p>\n\t\t\t\t\n\t\t\t<\/div>\n\t\t\t\n\t\t<\/div>\n\t\t\t\t\t\t<\/div>\n\t\t\t\t<\/div>\n\t\t\t\t<\/div>\n\t\t\t\t\t<\/div>\n\t\t\t\t<\/div>\n\t\t\t\t<\/div>","protected":false},"excerpt":{"rendered":"<p>wir Liebe G\u00e4ste, wir sind Petra und Norbert, gemeinsam betreiben wir auf unserem Hof seit 2024 unsere beiden liebevoll eingerichteten Ferienwohnungen im wundersch\u00f6nen Innviertel. Gastgeber sein ist unsere Leidenschaft, wir freuen uns G\u00e4ste aus aller Welt kennenzulernen und Ihnen einen unvergesslichen Urlaub in \u00d6sterreich zu erm\u00f6glichen. Unsere Wohnungen befinden sich in ruhiger Lage im idyllischen [&hellip;]<\/p>\n","protected":false},"author":1,"featured_media":0,"parent":0,"menu_order":0,"comment_status":"closed","ping_status":"closed","template":"","meta":{"inline_featured_image":false,"footnotes":""},"class_list":["post-4282","page","type-page","status-publish","hentry"],"yoast_head":"<!-- This site is optimized with the Yoast SEO plugin v27.5 - https:\/\/yoast.com\/product\/yoast-seo-wordpress\/ -->\n<title>\u00dcber uns - Ferienwohnungen<\/title>\n<meta name=\"robots\" content=\"index, follow, max-snippet:-1, max-image-preview:large, max-video-preview:-1\" \/>\n<link rel=\"canonical\" href=\"https:\/\/ferienwohnungen-anzinger.at\/en\/ueber-uns\/\" \/>\n<meta property=\"og:locale\" content=\"en_US\" \/>\n<meta property=\"og:type\" content=\"article\" \/>\n<meta property=\"og:title\" content=\"\u00dcber uns - Ferienwohnungen\" \/>\n<meta property=\"og:description\" content=\"wir Liebe G\u00e4ste, wir sind Petra und Norbert, gemeinsam betreiben wir auf unserem Hof seit 2024 unsere beiden liebevoll eingerichteten Ferienwohnungen im wundersch\u00f6nen Innviertel. Gastgeber sein ist unsere Leidenschaft, wir freuen uns G\u00e4ste aus aller Welt kennenzulernen und Ihnen einen unvergesslichen Urlaub in \u00d6sterreich zu erm\u00f6glichen. Unsere Wohnungen befinden sich in ruhiger Lage im idyllischen [&hellip;]\" \/>\n<meta property=\"og:url\" content=\"https:\/\/ferienwohnungen-anzinger.at\/en\/ueber-uns\/\" \/>\n<meta property=\"og:site_name\" content=\"Ferienwohnungen\" \/>\n<meta property=\"article:modified_time\" content=\"2025-07-23T13:56:26+00:00\" \/>\n<meta property=\"og:image\" content=\"https:\/\/ferienwohnungen-anzinger.at\/wp-content\/uploads\/2025\/07\/Z636706-Verbessert-RR-scaled.jpg\" \/>\n\t<meta property=\"og:image:width\" content=\"1703\" \/>\n\t<meta property=\"og:image:height\" content=\"2560\" \/>\n\t<meta property=\"og:image:type\" content=\"image\/webp\" \/>\n<meta name=\"twitter:card\" content=\"summary_large_image\" \/>\n<meta name=\"twitter:label1\" content=\"Est. reading time\" \/>\n\t<meta name=\"twitter:data1\" content=\"1 minute\" \/>\n<script type=\"application\/ld+json\" class=\"yoast-schema-graph\">{\"@context\":\"https:\\\/\\\/schema.org\",\"@graph\":[{\"@type\":\"WebPage\",\"@id\":\"https:\\\/\\\/ferienwohnungen-anzinger.at\\\/ueber-uns\\\/\",\"url\":\"https:\\\/\\\/ferienwohnungen-anzinger.at\\\/ueber-uns\\\/\",\"name\":\"\u00dcber uns - Ferienwohnungen\",\"isPartOf\":{\"@id\":\"https:\\\/\\\/ferienwohnungen-anzinger.at\\\/#website\"},\"primaryImageOfPage\":{\"@id\":\"https:\\\/\\\/ferienwohnungen-anzinger.at\\\/ueber-uns\\\/#primaryimage\"},\"image\":{\"@id\":\"https:\\\/\\\/ferienwohnungen-anzinger.at\\\/ueber-uns\\\/#primaryimage\"},\"thumbnailUrl\":\"https:\\\/\\\/ferienwohnungen-anzinger.at\\\/wp-content\\\/uploads\\\/2025\\\/07\\\/Z636706-Verbessert-RR-scaled.jpg\",\"datePublished\":\"2024-11-18T02:16:04+00:00\",\"dateModified\":\"2025-07-23T13:56:26+00:00\",\"breadcrumb\":{\"@id\":\"https:\\\/\\\/ferienwohnungen-anzinger.at\\\/ueber-uns\\\/#breadcrumb\"},\"inLanguage\":\"en-US\",\"potentialAction\":[{\"@type\":\"ReadAction\",\"target\":[\"https:\\\/\\\/ferienwohnungen-anzinger.at\\\/ueber-uns\\\/\"]}]},{\"@type\":\"ImageObject\",\"inLanguage\":\"en-US\",\"@id\":\"https:\\\/\\\/ferienwohnungen-anzinger.at\\\/ueber-uns\\\/#primaryimage\",\"url\":\"https:\\\/\\\/ferienwohnungen-anzinger.at\\\/wp-content\\\/uploads\\\/2025\\\/07\\\/Z636706-Verbessert-RR-scaled.jpg\",\"contentUrl\":\"https:\\\/\\\/ferienwohnungen-anzinger.at\\\/wp-content\\\/uploads\\\/2025\\\/07\\\/Z636706-Verbessert-RR-scaled.jpg\"},{\"@type\":\"BreadcrumbList\",\"@id\":\"https:\\\/\\\/ferienwohnungen-anzinger.at\\\/ueber-uns\\\/#breadcrumb\",\"itemListElement\":[{\"@type\":\"ListItem\",\"position\":1,\"name\":\"Home\",\"item\":\"https:\\\/\\\/ferienwohnungen-anzinger.at\\\/\"},{\"@type\":\"ListItem\",\"position\":2,\"name\":\"\u00dcber uns\"}]},{\"@type\":\"WebSite\",\"@id\":\"https:\\\/\\\/ferienwohnungen-anzinger.at\\\/#website\",\"url\":\"https:\\\/\\\/ferienwohnungen-anzinger.at\\\/\",\"name\":\"Ferienwohnungen\",\"description\":\"Wohnungen in Seen\u00e4he\",\"publisher\":{\"@id\":\"https:\\\/\\\/ferienwohnungen-anzinger.at\\\/#organization\"},\"potentialAction\":[{\"@type\":\"SearchAction\",\"target\":{\"@type\":\"EntryPoint\",\"urlTemplate\":\"https:\\\/\\\/ferienwohnungen-anzinger.at\\\/?s={search_term_string}\"},\"query-input\":{\"@type\":\"PropertyValueSpecification\",\"valueRequired\":true,\"valueName\":\"search_term_string\"}}],\"inLanguage\":\"en-US\"},{\"@type\":\"Organization\",\"@id\":\"https:\\\/\\\/ferienwohnungen-anzinger.at\\\/#organization\",\"name\":\"Ferienwohnungen\",\"url\":\"https:\\\/\\\/ferienwohnungen-anzinger.at\\\/\",\"logo\":{\"@type\":\"ImageObject\",\"inLanguage\":\"en-US\",\"@id\":\"https:\\\/\\\/ferienwohnungen-anzinger.at\\\/#\\\/schema\\\/logo\\\/image\\\/\",\"url\":\"https:\\\/\\\/ferienwohnungen-anzinger.at\\\/wp-content\\\/uploads\\\/2024\\\/11\\\/cropped-cropped-anzinger-ferienwohnungen.webp\",\"contentUrl\":\"https:\\\/\\\/ferienwohnungen-anzinger.at\\\/wp-content\\\/uploads\\\/2024\\\/11\\\/cropped-cropped-anzinger-ferienwohnungen.webp\",\"width\":406,\"height\":512,\"caption\":\"Ferienwohnungen\"},\"image\":{\"@id\":\"https:\\\/\\\/ferienwohnungen-anzinger.at\\\/#\\\/schema\\\/logo\\\/image\\\/\"}}]}<\/script>\n<!-- \/ Yoast SEO plugin. -->","yoast_head_json":{"title":"\u00dcber uns - Ferienwohnungen","robots":{"index":"index","follow":"follow","max-snippet":"max-snippet:-1","max-image-preview":"max-image-preview:large","max-video-preview":"max-video-preview:-1"},"canonical":"https:\/\/ferienwohnungen-anzinger.at\/en\/ueber-uns\/","og_locale":"en_US","og_type":"article","og_title":"\u00dcber uns - Ferienwohnungen","og_description":"wir Liebe G\u00e4ste, wir sind Petra und Norbert, gemeinsam betreiben wir auf unserem Hof seit 2024 unsere beiden liebevoll eingerichteten Ferienwohnungen im wundersch\u00f6nen Innviertel. Gastgeber sein ist unsere Leidenschaft, wir freuen uns G\u00e4ste aus aller Welt kennenzulernen und Ihnen einen unvergesslichen Urlaub in \u00d6sterreich zu erm\u00f6glichen. Unsere Wohnungen befinden sich in ruhiger Lage im idyllischen [&hellip;]","og_url":"https:\/\/ferienwohnungen-anzinger.at\/en\/ueber-uns\/","og_site_name":"Ferienwohnungen","article_modified_time":"2025-07-23T13:56:26+00:00","og_image":[{"width":1703,"height":2560,"url":"https:\/\/ferienwohnungen-anzinger.at\/wp-content\/uploads\/2025\/07\/Z636706-Verbessert-RR-scaled.jpg","type":"image\/webp"}],"twitter_card":"summary_large_image","twitter_misc":{"Est. reading time":"1 minute"},"schema":{"@context":"https:\/\/schema.org","@graph":[{"@type":"WebPage","@id":"https:\/\/ferienwohnungen-anzinger.at\/ueber-uns\/","url":"https:\/\/ferienwohnungen-anzinger.at\/ueber-uns\/","name":"\u00dcber uns - Ferienwohnungen","isPartOf":{"@id":"https:\/\/ferienwohnungen-anzinger.at\/#website"},"primaryImageOfPage":{"@id":"https:\/\/ferienwohnungen-anzinger.at\/ueber-uns\/#primaryimage"},"image":{"@id":"https:\/\/ferienwohnungen-anzinger.at\/ueber-uns\/#primaryimage"},"thumbnailUrl":"https:\/\/ferienwohnungen-anzinger.at\/wp-content\/uploads\/2025\/07\/Z636706-Verbessert-RR-scaled.jpg","datePublished":"2024-11-18T02:16:04+00:00","dateModified":"2025-07-23T13:56:26+00:00","breadcrumb":{"@id":"https:\/\/ferienwohnungen-anzinger.at\/ueber-uns\/#breadcrumb"},"inLanguage":"en-US","potentialAction":[{"@type":"ReadAction","target":["https:\/\/ferienwohnungen-anzinger.at\/ueber-uns\/"]}]},{"@type":"ImageObject","inLanguage":"en-US","@id":"https:\/\/ferienwohnungen-anzinger.at\/ueber-uns\/#primaryimage","url":"https:\/\/ferienwohnungen-anzinger.at\/wp-content\/uploads\/2025\/07\/Z636706-Verbessert-RR-scaled.jpg","contentUrl":"https:\/\/ferienwohnungen-anzinger.at\/wp-content\/uploads\/2025\/07\/Z636706-Verbessert-RR-scaled.jpg"},{"@type":"BreadcrumbList","@id":"https:\/\/ferienwohnungen-anzinger.at\/ueber-uns\/#breadcrumb","itemListElement":[{"@type":"ListItem","position":1,"name":"Home","item":"https:\/\/ferienwohnungen-anzinger.at\/"},{"@type":"ListItem","position":2,"name":"\u00dcber uns"}]},{"@type":"WebSite","@id":"https:\/\/ferienwohnungen-anzinger.at\/#website","url":"https:\/\/ferienwohnungen-anzinger.at\/","name":"Appartments","description":"Wohnungen in Seen\u00e4he","publisher":{"@id":"https:\/\/ferienwohnungen-anzinger.at\/#organization"},"potentialAction":[{"@type":"SearchAction","target":{"@type":"EntryPoint","urlTemplate":"https:\/\/ferienwohnungen-anzinger.at\/?s={search_term_string}"},"query-input":{"@type":"PropertyValueSpecification","valueRequired":true,"valueName":"search_term_string"}}],"inLanguage":"en-US"},{"@type":"Organization","@id":"https:\/\/ferienwohnungen-anzinger.at\/#organization","name":"Appartments","url":"https:\/\/ferienwohnungen-anzinger.at\/","logo":{"@type":"ImageObject","inLanguage":"en-US","@id":"https:\/\/ferienwohnungen-anzinger.at\/#\/schema\/logo\/image\/","url":"https:\/\/ferienwohnungen-anzinger.at\/wp-content\/uploads\/2024\/11\/cropped-cropped-anzinger-ferienwohnungen.webp","contentUrl":"https:\/\/ferienwohnungen-anzinger.at\/wp-content\/uploads\/2024\/11\/cropped-cropped-anzinger-ferienwohnungen.webp","width":406,"height":512,"caption":"Ferienwohnungen"},"image":{"@id":"https:\/\/ferienwohnungen-anzinger.at\/#\/schema\/logo\/image\/"}}]}},"_links":{"self":[{"href":"https:\/\/ferienwohnungen-anzinger.at\/en\/wp-json\/wp\/v2\/pages\/4282","targetHints":{"allow":["GET"]}}],"collection":[{"href":"https:\/\/ferienwohnungen-anzinger.at\/en\/wp-json\/wp\/v2\/pages"}],"about":[{"href":"https:\/\/ferienwohnungen-anzinger.at\/en\/wp-json\/wp\/v2\/types\/page"}],"author":[{"embeddable":true,"href":"https:\/\/ferienwohnungen-anzinger.at\/en\/wp-json\/wp\/v2\/users\/1"}],"replies":[{"embeddable":true,"href":"https:\/\/ferienwohnungen-anzinger.at\/en\/wp-json\/wp\/v2\/comments?post=4282"}],"version-history":[{"count":25,"href":"https:\/\/ferienwohnungen-anzinger.at\/en\/wp-json\/wp\/v2\/pages\/4282\/revisions"}],"predecessor-version":[{"id":6899,"href":"https:\/\/ferienwohnungen-anzinger.at\/en\/wp-json\/wp\/v2\/pages\/4282\/revisions\/6899"}],"wp:attachment":[{"href":"https:\/\/ferienwohnungen-anzinger.at\/en\/wp-json\/wp\/v2\/media?parent=4282"}],"curies":[{"name":"wp","href":"https:\/\/api.w.org\/{rel}","templated":true}]}}